{"id":7149,"date":"2025-08-04T15:59:55","date_gmt":"2025-08-04T13:59:55","guid":{"rendered":"https:\/\/otozakopane.pl\/faq\/"},"modified":"2025-10-21T12:19:49","modified_gmt":"2025-10-21T10:19:49","slug":"faq","status":"publish","type":"page","link":"https:\/\/otozakopane.pl\/en\/faq\/","title":{"rendered":"FAQ"},"content":{"rendered":"\t\t<div data-elementor-type=\"wp-page\" data-elementor-id=\"7149\" class=\"elementor elementor-7149 elementor-6991\" data-elementor-settings=\"{&quot;ha_cmc_init_switcher&quot;:&quot;no&quot;}\" data-elementor-post-type=\"page\">\n\t\t\t\t<div class=\"elementor-element elementor-element-3451c63 e-flex e-con-boxed wpr-particle-no wpr-jarallax-no wpr-sticky-section-no e-con e-parent\" data-id=\"3451c63\" data-element_type=\"container\" data-settings=\"{&quot;background_background&quot;:&quot;classic&quot;,&quot;_ha_eqh_enable&quot;:false}\">\n\t\t\t\t\t<div class=\"e-con-inner\">\n\t\t\t\t<div class=\"elementor-element elementor-element-3366a29 elementor-widget elementor-widget-text-editor\" data-id=\"3366a29\" data-element_type=\"widget\" data-widget_type=\"text-editor.default\">\n\t\t\t\t<div class=\"elementor-widget-container\">\n\t\t\t\t\t\t\t\t\t<p>Questions and answers<\/p>\t\t\t\t\t\t\t\t<\/div>\n\t\t\t\t<\/div>\n\t\t\t\t\t<\/div>\n\t\t\t\t<\/div>\n\t\t<div class=\"elementor-element elementor-element-541411e e-con-full e-flex wpr-particle-no wpr-jarallax-no wpr-sticky-section-no e-con e-parent\" data-id=\"541411e\" data-element_type=\"container\" data-settings=\"{&quot;background_background&quot;:&quot;classic&quot;,&quot;_ha_eqh_enable&quot;:false}\">\n\t\t<div class=\"elementor-element elementor-element-d9100f7 e-con-full e-flex wpr-particle-no wpr-jarallax-no wpr-sticky-section-no e-con e-child\" data-id=\"d9100f7\" data-element_type=\"container\" data-settings=\"{&quot;_ha_eqh_enable&quot;:false}\">\n\t\t<div data-ha-element-link=\"{&quot;url&quot;:&quot;\\\/en\\\/faq-cottages-near-gubalowka\\\/&quot;,&quot;is_external&quot;:&quot;&quot;,&quot;nofollow&quot;:&quot;&quot;}\" style=\"cursor: pointer\" class=\"elementor-element elementor-element-a12b7c0 e-con-full animated-slow e-transform e-flex wpr-particle-no wpr-jarallax-no wpr-sticky-section-no elementor-invisible e-con e-child\" data-id=\"a12b7c0\" data-element_type=\"container\" data-settings=\"{&quot;background_background&quot;:&quot;classic&quot;,&quot;animation&quot;:&quot;slideInLeft&quot;,&quot;animation_delay&quot;:400,&quot;_transform_scale_effect_hover&quot;:{&quot;unit&quot;:&quot;px&quot;,&quot;size&quot;:1.1,&quot;sizes&quot;:[]},&quot;_ha_eqh_enable&quot;:false,&quot;_transform_scale_effect_hover_tablet&quot;:{&quot;unit&quot;:&quot;px&quot;,&quot;size&quot;:&quot;&quot;,&quot;sizes&quot;:[]},&quot;_transform_scale_effect_hover_mobile&quot;:{&quot;unit&quot;:&quot;px&quot;,&quot;size&quot;:&quot;&quot;,&quot;sizes&quot;:[]}}\">\n\t\t<div class=\"elementor-element elementor-element-b62d1a1 e-con-full e-flex wpr-particle-no wpr-jarallax-no wpr-sticky-section-no e-con e-child\" data-id=\"b62d1a1\" data-element_type=\"container\" data-settings=\"{&quot;_ha_eqh_enable&quot;:false}\">\n\t\t\t\t<div class=\"elementor-element elementor-element-f0aef42 elementor-widget elementor-widget-text-editor\" data-id=\"f0aef42\" data-element_type=\"widget\" data-widget_type=\"text-editor.default\">\n\t\t\t\t<div class=\"elementor-widget-container\">\n\t\t\t\t\t\t\t\t\tCottages near GUBA\u0141\u00d3WKA\t\t\t\t\t\t\t\t<\/div>\n\t\t\t\t<\/div>\n\t\t\t\t<\/div>\n\t\t\t\t<\/div>\n\t\t<div data-ha-element-link=\"{&quot;url&quot;:&quot;\\\/en\\\/faq-guesthouse-milimani-adults-only\\\/&quot;,&quot;is_external&quot;:&quot;&quot;,&quot;nofollow&quot;:&quot;&quot;}\" style=\"cursor: pointer\" class=\"elementor-element elementor-element-d966148 e-con-full e-transform premium-wrapper-link-yes e-flex wpr-particle-no wpr-jarallax-no wpr-sticky-section-no elementor-invisible e-con e-child\" data-id=\"d966148\" data-element_type=\"container\" data-settings=\"{&quot;background_background&quot;:&quot;classic&quot;,&quot;animation&quot;:&quot;slideInLeft&quot;,&quot;animation_delay&quot;:400,&quot;_transform_scale_effect_hover&quot;:{&quot;unit&quot;:&quot;px&quot;,&quot;size&quot;:1.1,&quot;sizes&quot;:[]},&quot;_ha_eqh_enable&quot;:false,&quot;_transform_scale_effect_hover_tablet&quot;:{&quot;unit&quot;:&quot;px&quot;,&quot;size&quot;:&quot;&quot;,&quot;sizes&quot;:[]},&quot;_transform_scale_effect_hover_mobile&quot;:{&quot;unit&quot;:&quot;px&quot;,&quot;size&quot;:&quot;&quot;,&quot;sizes&quot;:[]}}\">\n\t\t<div class=\"elementor-element elementor-element-ded9bb9 e-con-full e-flex wpr-particle-no wpr-jarallax-no wpr-sticky-section-no e-con e-child\" data-id=\"ded9bb9\" data-element_type=\"container\" data-settings=\"{&quot;_ha_eqh_enable&quot;:false}\">\n\t\t<div class=\"elementor-element elementor-element-aa596cd e-con-full e-flex wpr-particle-no wpr-jarallax-no wpr-sticky-section-no e-con e-child\" data-id=\"aa596cd\" data-element_type=\"container\" data-settings=\"{&quot;_ha_eqh_enable&quot;:false}\">\n\t\t\t\t<div class=\"elementor-element elementor-element-279e6ff elementor-widget elementor-widget-text-editor\" data-id=\"279e6ff\" data-element_type=\"widget\" data-widget_type=\"text-editor.default\">\n\t\t\t\t<div class=\"elementor-widget-container\">\n\t\t\t\t\t\t\t\t\t<p>Guesthouse\u00a0MILIMANI<\/p>\t\t\t\t\t\t\t\t<\/div>\n\t\t\t\t<\/div>\n\t\t\t\t<\/div>\n\t\t\t\t<\/div>\n\t\t\t\t<\/div>\n\t\t<div data-ha-element-link=\"{&quot;url&quot;:&quot;\\\/en\\\/faq-local-21a\\\/&quot;,&quot;is_external&quot;:&quot;&quot;,&quot;nofollow&quot;:&quot;&quot;}\" style=\"cursor: pointer\" class=\"elementor-element elementor-element-afa4d4e e-con-full e-transform e-flex wpr-particle-no wpr-jarallax-no wpr-sticky-section-no elementor-invisible e-con e-child\" data-id=\"afa4d4e\" data-element_type=\"container\" data-settings=\"{&quot;background_background&quot;:&quot;classic&quot;,&quot;animation&quot;:&quot;slideInLeft&quot;,&quot;animation_delay&quot;:400,&quot;_transform_scale_effect_hover&quot;:{&quot;unit&quot;:&quot;px&quot;,&quot;size&quot;:1.1,&quot;sizes&quot;:[]},&quot;_ha_eqh_enable&quot;:false,&quot;_transform_scale_effect_hover_tablet&quot;:{&quot;unit&quot;:&quot;px&quot;,&quot;size&quot;:&quot;&quot;,&quot;sizes&quot;:[]},&quot;_transform_scale_effect_hover_mobile&quot;:{&quot;unit&quot;:&quot;px&quot;,&quot;size&quot;:&quot;&quot;,&quot;sizes&quot;:[]}}\">\n\t\t<div class=\"elementor-element elementor-element-4d8ae65 e-con-full e-flex wpr-particle-no wpr-jarallax-no wpr-sticky-section-no e-con e-child\" data-id=\"4d8ae65\" data-element_type=\"container\" data-settings=\"{&quot;_ha_eqh_enable&quot;:false}\">\n\t\t\t\t<div class=\"elementor-element elementor-element-92cda09 elementor-widget elementor-widget-text-editor\" data-id=\"92cda09\" data-element_type=\"widget\" data-widget_type=\"text-editor.default\">\n\t\t\t\t<div class=\"elementor-widget-container\">\n\t\t\t\t\t\t\t\t\t<p>House LOCAL 21A<\/p>\t\t\t\t\t\t\t\t<\/div>\n\t\t\t\t<\/div>\n\t\t\t\t<\/div>\n\t\t\t\t<\/div>\n\t\t\t\t<\/div>\n\t\t\t\t<\/div>\n\t\t\t\t<\/div>\n\t\t","protected":false},"excerpt":{"rendered":"<p>Questions and answers Cottages near GUBA\u0141\u00d3WKA Guesthouse\u00a0MILIMANI House LOCAL 21A<\/p>\n","protected":false},"author":3,"featured_media":0,"parent":0,"menu_order":0,"comment_status":"closed","ping_status":"closed","template":"","meta":{"site-sidebar-layout":"no-sidebar","site-content-layout":"","ast-site-content-layout":"full-width-container","site-content-style":"default","site-sidebar-style":"default","ast-global-header-display":"","ast-banner-title-visibility":"","ast-main-header-display":"","ast-hfb-above-header-display":"","ast-hfb-below-header-display":"","ast-hfb-mobile-header-display":"","site-post-title":"disabled","ast-breadcrumbs-content":"","ast-featured-img":"disabled","footer-sml-layout":"","theme-transparent-header-meta":"","adv-header-id-meta":"","stick-header-meta":"","header-above-stick-meta":"","header-main-stick-meta":"","header-below-stick-meta":"","astra-migrate-meta-layouts":"default","ast-page-background-enabled":"default","ast-page-background-meta":{"desktop":{"background-color":"var(--ast-global-color-5)","background-image":"","background-repeat":"repeat","background-position":"center center","background-size":"auto","background-attachment":"scroll","background-type":"","background-media":"","overlay-type":"","overlay-color":"","overlay-opacity":"","overlay-gradient":""},"tablet":{"background-color":"","background-image":"","background-repeat":"repeat","background-position":"center center","background-size":"auto","background-attachment":"scroll","background-type":"","background-media":"","overlay-type":"","overlay-color":"","overlay-opacity":"","overlay-gradient":""},"mobile":{"background-color":"","background-image":"","background-repeat":"repeat","background-position":"center center","background-size":"auto","background-attachment":"scroll","background-type":"","background-media":"","overlay-type":"","overlay-color":"","overlay-opacity":"","overlay-gradient":""}},"ast-content-background-meta":{"desktop":{"background-color":"var(--ast-global-color-4)","background-image":"","background-repeat":"repeat","background-position":"center center","background-size":"auto","background-attachment":"scroll","background-type":"","background-media":"","overlay-type":"","overlay-color":"","overlay-opacity":"","overlay-gradient":""},"tablet":{"background-color":"var(--ast-global-color-4)","background-image":"","background-repeat":"repeat","background-position":"center center","background-size":"auto","background-attachment":"scroll","background-type":"","background-media":"","overlay-type":"","overlay-color":"","overlay-opacity":"","overlay-gradient":""},"mobile":{"background-color":"var(--ast-global-color-4)","background-image":"","background-repeat":"repeat","background-position":"center center","background-size":"auto","background-attachment":"scroll","background-type":"","background-media":"","overlay-type":"","overlay-color":"","overlay-opacity":"","overlay-gradient":""}},"footnotes":""},"class_list":["post-7149","page","type-page","status-publish","hentry"],"yoast_head":"<!-- This site is optimized with the Yoast SEO Premium plugin v25.3.1 (Yoast SEO v25.3.1) - https:\/\/yoast.com\/wordpress\/plugins\/seo\/ -->\n<title>FAQ - Domki pod Guba\u0142\u00f3wk\u0105, Willa Milimani, Dom Local 21A \u2013 Niezapomniany Wypoczynek w Sercu Tatr %<\/title>\n<meta name=\"description\" content=\"OtoZakopane: cottages with fireplaces, a villa for adults, and a group home in Zakopane. Perfect for a mountain getaway, close to the trails and attractions of Podhale. Book now!\" \/>\n<meta name=\"robots\" content=\"index, follow, max-snippet:-1, max-image-preview:large, max-video-preview:-1\" \/>\n<link rel=\"canonical\" href=\"https:\/\/otozakopane.pl\/en\/faq\/\" \/>\n<meta property=\"og:locale\" content=\"en_US\" \/>\n<meta property=\"og:type\" content=\"article\" \/>\n<meta property=\"og:title\" content=\"FAQ\" \/>\n<meta property=\"og:description\" content=\"OtoZakopane: cottages with fireplaces, a villa for adults, and a group home in Zakopane. Perfect for a mountain getaway, close to the trails and attractions of Podhale. Book now!\" \/>\n<meta property=\"og:url\" content=\"https:\/\/otozakopane.pl\/en\/faq\/\" \/>\n<meta property=\"og:site_name\" content=\"Domki pod Guba\u0142\u00f3wk\u0105, Willa Milimani, Dom Local 21A \u2013 Niezapomniany Wypoczynek w Sercu Tatr\" \/>\n<meta property=\"article:publisher\" content=\"https:\/\/www.facebook.com\/OtoZakopane\" \/>\n<meta property=\"article:modified_time\" content=\"2025-10-21T10:19:49+00:00\" \/>\n<meta name=\"twitter:card\" content=\"summary_large_image\" \/>\n<meta name=\"twitter:label1\" content=\"Est. reading time\" \/>\n\t<meta name=\"twitter:data1\" content=\"1 minute\" \/>\n<script type=\"application\/ld+json\" class=\"yoast-schema-graph\">{\"@context\":\"https:\/\/schema.org\",\"@graph\":[{\"@type\":\"WebPage\",\"@id\":\"https:\/\/otozakopane.pl\/en\/faq\/\",\"url\":\"https:\/\/otozakopane.pl\/en\/faq\/\",\"name\":\"FAQ - Domki pod Guba\u0142\u00f3wk\u0105, Willa Milimani, Dom Local 21A \u2013 Niezapomniany Wypoczynek w Sercu Tatr %\",\"isPartOf\":{\"@id\":\"https:\/\/otozakopane.pl\/en\/#website\"},\"datePublished\":\"2025-08-04T13:59:55+00:00\",\"dateModified\":\"2025-10-21T10:19:49+00:00\",\"description\":\"OtoZakopane: cottages with fireplaces, a villa for adults, and a group home in Zakopane. Perfect for a mountain getaway, close to the trails and attractions of Podhale. Book now!\",\"breadcrumb\":{\"@id\":\"https:\/\/otozakopane.pl\/en\/faq\/#breadcrumb\"},\"inLanguage\":\"en-US\",\"potentialAction\":[{\"@type\":\"ReadAction\",\"target\":[\"https:\/\/otozakopane.pl\/en\/faq\/\"]}]},{\"@type\":\"BreadcrumbList\",\"@id\":\"https:\/\/otozakopane.pl\/en\/faq\/#breadcrumb\",\"itemListElement\":[{\"@type\":\"ListItem\",\"position\":1,\"name\":\"Strona g\u0142\u00f3wna\",\"item\":\"https:\/\/otozakopane.pl\/en\/\"},{\"@type\":\"ListItem\",\"position\":2,\"name\":\"FAQ\"}]},{\"@type\":\"WebSite\",\"@id\":\"https:\/\/otozakopane.pl\/en\/#website\",\"url\":\"https:\/\/otozakopane.pl\/en\/\",\"name\":\"Domki pod Guba\u0142\u00f3wk\u0105, Willa Milimani, Dom Local 21A \u2013 Niezapomniany Wypoczynek w Sercu Tatr\",\"description\":\"\",\"publisher\":{\"@id\":\"https:\/\/otozakopane.pl\/en\/#organization\"},\"potentialAction\":[{\"@type\":\"SearchAction\",\"target\":{\"@type\":\"EntryPoint\",\"urlTemplate\":\"https:\/\/otozakopane.pl\/en\/?s={search_term_string}\"},\"query-input\":{\"@type\":\"PropertyValueSpecification\",\"valueRequired\":true,\"valueName\":\"search_term_string\"}}],\"inLanguage\":\"en-US\"},{\"@type\":[\"Organization\",\"Place\"],\"@id\":\"https:\/\/otozakopane.pl\/en\/#organization\",\"name\":\"OtoZakopane\",\"url\":\"https:\/\/otozakopane.pl\/en\/\",\"logo\":{\"@id\":\"https:\/\/otozakopane.pl\/en\/faq\/#local-main-organization-logo\"},\"image\":{\"@id\":\"https:\/\/otozakopane.pl\/en\/faq\/#local-main-organization-logo\"},\"sameAs\":[\"https:\/\/www.facebook.com\/OtoZakopane\",\"https:\/\/www.instagram.com\/otozakopane\",\"https:\/\/www.tiktok.com\/@otozakopane\"],\"telephone\":[],\"openingHoursSpecification\":[{\"@type\":\"OpeningHoursSpecification\",\"dayOfWeek\":[\"Monday\",\"Tuesday\",\"Wednesday\",\"Thursday\",\"Friday\",\"Saturday\",\"Sunday\"],\"opens\":\"09:00\",\"closes\":\"17:00\"}]},{\"@type\":\"ImageObject\",\"inLanguage\":\"en-US\",\"@id\":\"https:\/\/otozakopane.pl\/en\/faq\/#local-main-organization-logo\",\"url\":\"https:\/\/otozakopane.pl\/wp-content\/uploads\/2025\/04\/DSC_4162-HDR.jpg\",\"contentUrl\":\"https:\/\/otozakopane.pl\/wp-content\/uploads\/2025\/04\/DSC_4162-HDR.jpg\",\"width\":2000,\"height\":1333,\"caption\":\"OtoZakopane\"}]}<\/script>\n<!-- \/ Yoast SEO Premium plugin. -->","yoast_head_json":{"title":"FAQ - Domki pod Guba\u0142\u00f3wk\u0105, Willa Milimani, Dom Local 21A \u2013 Niezapomniany Wypoczynek w Sercu Tatr %","description":"OtoZakopane: cottages with fireplaces, a villa for adults, and a group home in Zakopane. Perfect for a mountain getaway, close to the trails and attractions of Podhale. Book now!","robots":{"index":"index","follow":"follow","max-snippet":"max-snippet:-1","max-image-preview":"max-image-preview:large","max-video-preview":"max-video-preview:-1"},"canonical":"https:\/\/otozakopane.pl\/en\/faq\/","og_locale":"en_US","og_type":"article","og_title":"FAQ","og_description":"OtoZakopane: cottages with fireplaces, a villa for adults, and a group home in Zakopane. Perfect for a mountain getaway, close to the trails and attractions of Podhale. Book now!","og_url":"https:\/\/otozakopane.pl\/en\/faq\/","og_site_name":"Domki pod Guba\u0142\u00f3wk\u0105, Willa Milimani, Dom Local 21A \u2013 Niezapomniany Wypoczynek w Sercu Tatr","article_publisher":"https:\/\/www.facebook.com\/OtoZakopane","article_modified_time":"2025-10-21T10:19:49+00:00","twitter_card":"summary_large_image","twitter_misc":{"Est. reading time":"1 minute"},"schema":{"@context":"https:\/\/schema.org","@graph":[{"@type":"WebPage","@id":"https:\/\/otozakopane.pl\/en\/faq\/","url":"https:\/\/otozakopane.pl\/en\/faq\/","name":"FAQ - Domki pod Guba\u0142\u00f3wk\u0105, Willa Milimani, Dom Local 21A \u2013 Niezapomniany Wypoczynek w Sercu Tatr %","isPartOf":{"@id":"https:\/\/otozakopane.pl\/en\/#website"},"datePublished":"2025-08-04T13:59:55+00:00","dateModified":"2025-10-21T10:19:49+00:00","description":"OtoZakopane: cottages with fireplaces, a villa for adults, and a group home in Zakopane. Perfect for a mountain getaway, close to the trails and attractions of Podhale. Book now!","breadcrumb":{"@id":"https:\/\/otozakopane.pl\/en\/faq\/#breadcrumb"},"inLanguage":"en-US","potentialAction":[{"@type":"ReadAction","target":["https:\/\/otozakopane.pl\/en\/faq\/"]}]},{"@type":"BreadcrumbList","@id":"https:\/\/otozakopane.pl\/en\/faq\/#breadcrumb","itemListElement":[{"@type":"ListItem","position":1,"name":"Strona g\u0142\u00f3wna","item":"https:\/\/otozakopane.pl\/en\/"},{"@type":"ListItem","position":2,"name":"FAQ"}]},{"@type":"WebSite","@id":"https:\/\/otozakopane.pl\/en\/#website","url":"https:\/\/otozakopane.pl\/en\/","name":"Domki pod Guba\u0142\u00f3wk\u0105, Willa Milimani, Dom Local 21A \u2013 Niezapomniany Wypoczynek w Sercu Tatr","description":"","publisher":{"@id":"https:\/\/otozakopane.pl\/en\/#organization"},"potentialAction":[{"@type":"SearchAction","target":{"@type":"EntryPoint","urlTemplate":"https:\/\/otozakopane.pl\/en\/?s={search_term_string}"},"query-input":{"@type":"PropertyValueSpecification","valueRequired":true,"valueName":"search_term_string"}}],"inLanguage":"en-US"},{"@type":["Organization","Place"],"@id":"https:\/\/otozakopane.pl\/en\/#organization","name":"OtoZakopane","url":"https:\/\/otozakopane.pl\/en\/","logo":{"@id":"https:\/\/otozakopane.pl\/en\/faq\/#local-main-organization-logo"},"image":{"@id":"https:\/\/otozakopane.pl\/en\/faq\/#local-main-organization-logo"},"sameAs":["https:\/\/www.facebook.com\/OtoZakopane","https:\/\/www.instagram.com\/otozakopane","https:\/\/www.tiktok.com\/@otozakopane"],"telephone":[],"openingHoursSpecification":[{"@type":"OpeningHoursSpecification","dayOfWeek":["Monday","Tuesday","Wednesday","Thursday","Friday","Saturday","Sunday"],"opens":"09:00","closes":"17:00"}]},{"@type":"ImageObject","inLanguage":"en-US","@id":"https:\/\/otozakopane.pl\/en\/faq\/#local-main-organization-logo","url":"https:\/\/otozakopane.pl\/wp-content\/uploads\/2025\/04\/DSC_4162-HDR.jpg","contentUrl":"https:\/\/otozakopane.pl\/wp-content\/uploads\/2025\/04\/DSC_4162-HDR.jpg","width":2000,"height":1333,"caption":"OtoZakopane"}]}},"_links":{"self":[{"href":"https:\/\/otozakopane.pl\/en\/wp-json\/wp\/v2\/pages\/7149","targetHints":{"allow":["GET"]}}],"collection":[{"href":"https:\/\/otozakopane.pl\/en\/wp-json\/wp\/v2\/pages"}],"about":[{"href":"https:\/\/otozakopane.pl\/en\/wp-json\/wp\/v2\/types\/page"}],"author":[{"embeddable":true,"href":"https:\/\/otozakopane.pl\/en\/wp-json\/wp\/v2\/users\/3"}],"replies":[{"embeddable":true,"href":"https:\/\/otozakopane.pl\/en\/wp-json\/wp\/v2\/comments?post=7149"}],"version-history":[{"count":21,"href":"https:\/\/otozakopane.pl\/en\/wp-json\/wp\/v2\/pages\/7149\/revisions"}],"predecessor-version":[{"id":8305,"href":"https:\/\/otozakopane.pl\/en\/wp-json\/wp\/v2\/pages\/7149\/revisions\/8305"}],"wp:attachment":[{"href":"https:\/\/otozakopane.pl\/en\/wp-json\/wp\/v2\/media?parent=7149"}],"curies":[{"name":"wp","href":"https:\/\/api.w.org\/{rel}","templated":true}]}}